{"id":2355,"date":"2021-03-24T07:15:20","date_gmt":"2021-03-24T06:15:20","guid":{"rendered":"https:\/\/www.orisun-iot.com\/?page_id=2355"},"modified":"2025-01-15T18:30:20","modified_gmt":"2025-01-15T17:30:20","slug":"mentions-legales","status":"publish","type":"page","link":"https:\/\/www.orisun-iot.com\/en\/mentions-legales\/","title":{"rendered":"Mentions L\u00e9gales"},"content":{"rendered":"<div data-elementor-type=\"wp-page\" data-elementor-id=\"2355\" class=\"elementor elementor-2355\">\n\t\t\t\t\t\t<div class=\"elementor-inner\">\n\t\t\t\t<div class=\"elementor-section-wrap\">\n\t\t\t\t\t\t\t\t\t<section class=\"elementor-section elementor-top-section elementor-element elementor-element-b7be0b2 elementor-section-boxed elementor-section-height-default elementor-section-height-default\" data-id=\"b7be0b2\" data-element_type=\"section\" data-settings=\"{&quot;background_background&quot;:&quot;classic&quot;}\">\n\t\t\t\t\t\t<div class=\"elementor-container elementor-column-gap-default\">\n\t\t\t\t\t\t\t<div class=\"elementor-row\">\n\t\t\t\t\t<div class=\"elementor-column elementor-col-100 elementor-top-column elementor-element elementor-element-017b71e\" data-id=\"017b71e\" data-element_type=\"column\">\n\t\t\t<div class=\"elementor-column-wrap elementor-element-populated\">\n\t\t\t\t\t\t\t<div class=\"elementor-widget-wrap\">\n\t\t\t\t\t\t<div class=\"elementor-element elementor-element-016c3fd elementor-widget elementor-widget-text-editor\" data-id=\"016c3fd\" data-element_type=\"widget\" data-widget_type=\"text-editor.default\">\n\t\t\t\t<div class=\"elementor-widget-container\">\n\t\t\t\t\t\t\t\t<div class=\"elementor-text-editor elementor-clearfix\">\n\t\t\t\t<h1 style=\"text-align: center;\"><span style=\"color: #d12e20;\"><strong>Mentions L\u00e9gales<\/strong><\/span><\/h1>\t\t\t\t\t<\/div>\n\t\t\t\t\t\t<\/div>\n\t\t\t\t<\/div>\n\t\t\t\t<div class=\"elementor-element elementor-element-b469abe elementor-widget elementor-widget-text-editor\" data-id=\"b469abe\" data-element_type=\"widget\" data-widget_type=\"text-editor.default\">\n\t\t\t\t<div class=\"elementor-widget-container\">\n\t\t\t\t\t\t\t\t<div class=\"elementor-text-editor elementor-clearfix\">\n\t\t\t\t<p><strong>Raison Sociale : <span style=\"color: #d12e20;\">Orisun IoT SAS<\/span><\/strong> au capital de 40000\u20ac immatricul\u00e9e au registre du commerce et des soci\u00e9t\u00e9s de Strasbourg sous le num\u00e9ro 838334886 \/ Num\u00e9ro de TVA Intracommunautaire FR 19 838334886<\/p><p><strong>Contact CEO : <\/strong>Bertrand L\u00e9ger<strong><br \/>Adresse si\u00e8ge social : <\/strong>32 rue Himmerich 67000 STRASBOURG\/France<\/p><p><strong>T\u00e9l : +33 7 56 99 55 66<\/strong><br \/><strong>Email : <\/strong><a href=\"mailto:contact@orisun-iot.com\">contact@orisun-iot.com<\/a><strong><br \/><\/strong><\/p><p><strong>Contact Webmaster \\ Webdesign : Emmanuel Bertomeu<\/strong>, 26 rue du g\u00e9n\u00e9ral Leclerc 67120 Molsheim \\ T\u00e9l 06 29 93 44 62 \\ Email : <a href=\"mailto:emmanuelbertomeu@gmail.com\">emmanuelbertomeu@gmail.com<\/a> \\ Website : <a href=\"http:\/\/www.emmanuelbertomeu.com\/\" target=\"_blank\" rel=\"noopener\">www.emmanuelbertomeu.com<\/a><\/p><p><strong>Contact H\u00e9bergement : OVH <\/strong>SAS au capital de 10 069 020 \u20ac RCS Lille M\u00e9tropole 424 761 419 00045 Code APE 2620Z N\u00b0 TVA : FR 22 424 761 419 OVH SAS est une filiale de la soci\u00e9t\u00e9 OVH Groupe SAS, soci\u00e9t\u00e9 immatricul\u00e9e au RCS de Lille sous le num\u00e9ro 537 407 926 sise 2, rue Kellermann, 59100 Roubaix<\/p><h4>Protection des donn\u00e9es personnelles<strong><br \/><\/strong><\/h4><div class=\"rightcol\"><div class=\"wrap\"><div class=\"maintext\">Conform\u00e9ment \u00e0 la Directive sur la protection des donn\u00e9es personnelles du 6 janvier 1978, vous disposez en tous temps du droit d\u2019acc\u00e8s, correction ou opposition de toutes vos donn\u00e9es personnelles en \u00e9crivant un email \u00e0 :<strong>\u00a0<a href=\"mailto:contact@orisun-iot.com\">contact@orisun-iot.com<\/a><\/strong><\/div><\/div><\/div><h4>Politique des Cookies<strong><br \/><\/strong><\/h4><p>orisun-iot.com utilise des cookies ( ou technologie similaire ) afin de reconnaitre les pr\u00e9f\u00e9rences utilisateur et d\u2019optimiser son site internet et ainsi en faciliter la navigation.<\/p><h4>Que sont les cookies ?<\/h4><p><span class=\"ILfuVd\"><span class=\"e24Kjd\">Un <b>cookie<\/b> est un fichier qui est d\u00e9pos\u00e9 par votre navigateur sur votre ordinateur lorsque vous surfez sur Internet. Ce fichier est compos\u00e9 uniquement de texte. C\u2019est le navigateur qui va enregistrer le fichier sur votre disque dur. (car le serveur n\u2019a pas acc\u00e8s directement \u00e0 votre ordinateur)<\/span><\/span><\/p><h4>Quels cookies utilisons-nous ?<\/h4><p class=\"\"><strong>Cookie Strictement n\u00e9cessaire : <\/strong>Ce sont ceux qui sont n\u00e9cessaires au bon fonctionnement du site internet, qui permettent d\u2019acc\u00e9der plus facilement au site et qui vous permet d\u2019y acc\u00e9der de mani\u00e8re s\u00e9curis\u00e9.<\/p><p class=\"\"><strong>Cookies R\u00e9seaux Sociaux.<\/strong> Ces cookies nous permettent d\u2019int\u00e9grer les fonctions de connexion et de partage des r\u00e9seaux sociaux et peuvent de fait \u00eatre aussi vecteur de publicit\u00e9.<\/p><p class=\"\"><strong>Cookies Statistique. <\/strong>Ces cookies nous permettent de connaitre votre adresse IP ainsi que votre localisation, de m\u00eame que le moteur de recherche utilis\u00e9 pour nous trouver ce qui nous permettra par exemple, d\u2019optimiser les informations dans une langue, optimiser le r\u00e9f\u00e9rencement dans tels moteurs de recherche ou l\u2019affichage dans tels navigateurs<\/p><h4>Comment contr\u00f4ler les Cookies ?<strong><br \/><\/strong><\/h4><p>Lorsque vous acc\u00e9dez pour la premi\u00e8re fois au site vous recevez un message vous avertissant de l\u2019utilisation des cookies sur le site. En cliquant sur OK ! en fermant le message ou en continuant votre navigation sur le site, vous signifiez comprendre et accepter l\u2019utilisation de ces cookies\u00a0 comme indiqu\u00e9 dans la politique des cookies.<\/p><p class=\"\">Vous n\u2019\u00eates pas oblig\u00e9 de les accepter et ce consentement peut \u00eatre r\u00e9voqu\u00e9 n\u2019importe quand, m\u00eame si cela risque de d\u00e9sactiver certaines fonctions du site internet. Vous pouvez d\u00e9sactiver ou choisir quelles fonctionnalit\u00e9s vous voulez directement sur votre navigateur.<\/p><p class=\"\">Merci de suivre les liens suivants pour trouver les instructions d\u2019aide des navigateurs les plus populaires :<\/p><p class=\"\">Microsoft Internet Explorer: <a href=\"https:\/\/support.microsoft.com\/en-gb\/help\/17442\/windows-internet-explorer-delete-manage-cookies\" target=\"_blank\" rel=\"noopener\">Link<\/a><br \/>Google Chrome: <a href=\"https:\/\/support.google.com\/chrome\/answer\/95647?co=GENIE.Platform%3DDesktop&amp;hl=en\" target=\"_blank\" rel=\"noopener\">Link<\/a><br \/>Mozilla Firefox: <a href=\"https:\/\/support.mozilla.org\/en-US\/kb\/enable-and-disable-cookies-website-preferences\" target=\"_blank\" rel=\"noopener\">Link<\/a><br \/>Apple Safari: <a href=\"https:\/\/support.apple.com\/kb\/PH21411?locale=en_US\" target=\"_blank\" rel=\"noopener\">Link<\/a><\/p><h4>Droit sur la propri\u00e9t\u00e9 intellectuelle et de reproduction<strong><br \/><\/strong><\/h4><p>En accord avec la loi sur la propri\u00e9t\u00e9 intellectuelle (articles L.335-2 L 122-4) , le site internet appartient et est g\u00e9r\u00e9 par ORISUN. Le site internet, incluant (mais non exhaustif) texte, contenu, video , graphismes, photos, illustrations, articles, noms, logos, marques, et tout autre contenu sont prot\u00e9g\u00e9s par les droits de reproduction. L\u2019utilisateur ne peut pas utiliser les travaux, articles ou le nom de la marque Orisun IoT SAS sans le consentement \u00e9crit de son gestionnaire Bertrand L\u00e9ger.<\/p><p>Les documents ou informations contenus sur le site ne peuvent seulement \u00eatre copi\u00e9s qu\u2019\u00e0 des fins d\u2019information et pour un usage strictement personnel et priv\u00e9.\u00a0 Toute autre utilisation est proscrite.<\/p><p>La reproduction ou l\u2019utilisation non autoris\u00e9e du contenu du site internet constitue un d\u00e9lit.<\/p><p>Credits Banque d\u2019images gratuites: freepik.com \/ Adobe.Stock.com<\/p>\t\t\t\t\t<\/div>\n\t\t\t\t\t\t<\/div>\n\t\t\t\t<\/div>\n\t\t\t\t\t\t<\/div>\n\t\t\t\t\t<\/div>\n\t\t<\/div>\n\t\t\t\t\t\t\t\t<\/div>\n\t\t\t\t\t<\/div>\n\t\t<\/section>\n\t\t\t\t\t\t\t\t\t<\/div>\n\t\t\t<\/div>\n\t\t\t\t\t<\/div>","protected":false},"excerpt":{"rendered":"<p>Mentions L\u00e9gales Raison Sociale : Orisun IoT SAS au capital de 40000\u20ac immatricul\u00e9e au registre du commerce et des soci\u00e9t\u00e9s de Strasbourg sous le num\u00e9ro 838334886 \/ Num\u00e9ro de TVA Intracommunautaire FR 19 838334886 Contact CEO : Bertrand L\u00e9gerAdresse si\u00e8ge &hellip; <a href=\"https:\/\/www.orisun-iot.com\/en\/mentions-legales\/\">Read More<\/a><\/p>","protected":false},"author":1,"featured_media":0,"parent":0,"menu_order":0,"comment_status":"closed","ping_status":"closed","template":"","meta":{"footnotes":""},"_links":{"self":[{"href":"https:\/\/www.orisun-iot.com\/en\/wp-json\/wp\/v2\/pages\/2355"}],"collection":[{"href":"https:\/\/www.orisun-iot.com\/en\/wp-json\/wp\/v2\/pages"}],"about":[{"href":"https:\/\/www.orisun-iot.com\/en\/wp-json\/wp\/v2\/types\/page"}],"author":[{"embeddable":true,"href":"https:\/\/www.orisun-iot.com\/en\/wp-json\/wp\/v2\/users\/1"}],"replies":[{"embeddable":true,"href":"https:\/\/www.orisun-iot.com\/en\/wp-json\/wp\/v2\/comments?post=2355"}],"version-history":[{"count":11,"href":"https:\/\/www.orisun-iot.com\/en\/wp-json\/wp\/v2\/pages\/2355\/revisions"}],"predecessor-version":[{"id":4046,"href":"https:\/\/www.orisun-iot.com\/en\/wp-json\/wp\/v2\/pages\/2355\/revisions\/4046"}],"wp:attachment":[{"href":"https:\/\/www.orisun-iot.com\/en\/wp-json\/wp\/v2\/media?parent=2355"}],"curies":[{"name":"wp","href":"https:\/\/api.w.org\/{rel}","templated":true}]}}