{"id":1795,"date":"2021-03-22T08:12:38","date_gmt":"2021-03-22T07:12:38","guid":{"rendered":"https:\/\/www.orisun-iot.com\/?page_id=1795"},"modified":"2025-01-15T18:11:37","modified_gmt":"2025-01-15T17:11:37","slug":"expertise","status":"publish","type":"page","link":"https:\/\/www.orisun-iot.com\/en\/expertise\/","title":{"rendered":"EXPERTISE"},"content":{"rendered":"<div data-elementor-type=\"wp-page\" data-elementor-id=\"1795\" class=\"elementor elementor-1795\">\n\t\t\t\t\t\t<div class=\"elementor-inner\">\n\t\t\t\t<div class=\"elementor-section-wrap\">\n\t\t\t\t\t\t\t\t\t<section class=\"elementor-section elementor-top-section elementor-element elementor-element-9fb767b elementor-section-boxed elementor-section-height-default elementor-section-height-default\" data-id=\"9fb767b\" data-element_type=\"section\">\n\t\t\t\t\t\t<div class=\"elementor-container elementor-column-gap-default\">\n\t\t\t\t\t\t\t<div class=\"elementor-row\">\n\t\t\t\t\t<div class=\"elementor-column elementor-col-50 elementor-top-column elementor-element elementor-element-b6970d1\" data-id=\"b6970d1\" data-element_type=\"column\">\n\t\t\t<div class=\"elementor-column-wrap elementor-element-populated\">\n\t\t\t\t\t\t\t<div class=\"elementor-widget-wrap\">\n\t\t\t\t\t\t<div class=\"elementor-element elementor-element-5536fa0 elementor-widget elementor-widget-image\" data-id=\"5536fa0\" data-element_type=\"widget\" data-widget_type=\"image.default\">\n\t\t\t\t<div class=\"elementor-widget-container\">\n\t\t\t\t\t\t\t\t<div class=\"elementor-image\">\n\t\t\t\t\t\t\t\t\t\t\t\t<img decoding=\"async\" loading=\"lazy\" width=\"567\" height=\"378\" src=\"https:\/\/www.orisun-iot.com\/wp-content\/uploads\/2021\/03\/expert01.jpg\" class=\"attachment-large size-large\" alt=\"\" srcset=\"https:\/\/www.orisun-iot.com\/wp-content\/uploads\/2021\/03\/expert01.jpg 567w, https:\/\/www.orisun-iot.com\/wp-content\/uploads\/2021\/03\/expert01-300x200.jpg 300w, https:\/\/www.orisun-iot.com\/wp-content\/uploads\/2021\/03\/expert01-150x100.jpg 150w, https:\/\/www.orisun-iot.com\/wp-content\/uploads\/2021\/03\/expert01-120x80.jpg 120w, https:\/\/www.orisun-iot.com\/wp-content\/uploads\/2021\/03\/expert01-394x263.jpg 394w\" sizes=\"(max-width: 567px) 100vw, 567px\" \/>\t\t\t\t\t\t\t\t\t\t\t\t\t\t<\/div>\n\t\t\t\t\t\t<\/div>\n\t\t\t\t<\/div>\n\t\t\t\t\t\t<\/div>\n\t\t\t\t\t<\/div>\n\t\t<\/div>\n\t\t\t\t<div class=\"elementor-column elementor-col-50 elementor-top-column elementor-element elementor-element-7bd0e34\" data-id=\"7bd0e34\" data-element_type=\"column\">\n\t\t\t<div class=\"elementor-column-wrap elementor-element-populated\">\n\t\t\t\t\t\t\t<div class=\"elementor-widget-wrap\">\n\t\t\t\t\t\t<div class=\"elementor-element elementor-element-ed53266 elementor-widget elementor-widget-text-editor\" data-id=\"ed53266\" data-element_type=\"widget\" data-widget_type=\"text-editor.default\">\n\t\t\t\t<div class=\"elementor-widget-container\">\n\t\t\t\t\t\t\t\t<div class=\"elementor-text-editor elementor-clearfix\">\n\t\t\t\t<h2><span style=\"color: #d12e20;\"><strong>EXPERTISE<\/strong><\/span><\/h2><h6 style=\"text-align: justify;\"><span style=\"color: #262738;\"><strong>The Orisun-Expertise offer includes our customized services in the fields of Machine learning, SaaS system design, operational research &amp; of course electronics and hardware.<\/strong><\/span><\/h6>\t\t\t\t\t<\/div>\n\t\t\t\t\t\t<\/div>\n\t\t\t\t<\/div>\n\t\t\t\t\t\t<\/div>\n\t\t\t\t\t<\/div>\n\t\t<\/div>\n\t\t\t\t\t\t\t\t<\/div>\n\t\t\t\t\t<\/div>\n\t\t<\/section>\n\t\t\t\t<section class=\"elementor-section elementor-top-section elementor-element elementor-element-16ccefc elementor-section-boxed elementor-section-height-default elementor-section-height-default\" data-id=\"16ccefc\" data-element_type=\"section\" data-settings=\"{&quot;background_background&quot;:&quot;classic&quot;}\">\n\t\t\t\t\t\t<div class=\"elementor-container elementor-column-gap-default\">\n\t\t\t\t\t\t\t<div class=\"elementor-row\">\n\t\t\t\t\t<div class=\"elementor-column elementor-col-50 elementor-top-column elementor-element elementor-element-ba27a8c\" data-id=\"ba27a8c\" data-element_type=\"column\" data-settings=\"{&quot;background_background&quot;:&quot;classic&quot;}\">\n\t\t\t<div class=\"elementor-column-wrap elementor-element-populated\">\n\t\t\t\t\t\t\t<div class=\"elementor-widget-wrap\">\n\t\t\t\t\t\t<div class=\"elementor-element elementor-element-5bf9253 elementor-widget elementor-widget-text-editor\" data-id=\"5bf9253\" data-element_type=\"widget\" data-widget_type=\"text-editor.default\">\n\t\t\t\t<div class=\"elementor-widget-container\">\n\t\t\t\t\t\t\t\t<div class=\"elementor-text-editor elementor-clearfix\">\n\t\t\t\t<h3><span style=\"color: #d12e20;\"><strong>MACHINE LEARNING<\/strong><\/span><\/h3><p><span style=\"color: #262738;\"><strong>Machine learning (supervised and unsupervised), modeling, simulation covering in particular :<\/strong><\/span><\/p>\t\t\t\t\t<\/div>\n\t\t\t\t\t\t<\/div>\n\t\t\t\t<\/div>\n\t\t\t\t<div class=\"elementor-element elementor-element-692bf15 elementor-invisible elementor-widget elementor-widget-themo-button\" data-id=\"692bf15\" data-element_type=\"widget\" data-settings=\"{&quot;_animation&quot;:&quot;fadeInDown&quot;}\" data-widget_type=\"themo-button.default\">\n\t\t\t\t<div class=\"elementor-widget-container\">\n\t\t\t\n                \t\t\t<a class=\"btn-1 btn th-btn btn-ghost-primary\" href=\"https:\/\/www.orisun-iot.com\/en\/services\/#form\">\n\t\t\t\t\t\t\t\t\tLEARN MORE\t\t\t\t\t\t\t<\/a>\n\t\t\n        \n\t\t\t\t<\/div>\n\t\t\t\t<\/div>\n\t\t\t\t\t\t<\/div>\n\t\t\t\t\t<\/div>\n\t\t<\/div>\n\t\t\t\t<div class=\"elementor-column elementor-col-50 elementor-top-column elementor-element elementor-element-8f3a3a2\" data-id=\"8f3a3a2\" data-element_type=\"column\">\n\t\t\t<div class=\"elementor-column-wrap elementor-element-populated\">\n\t\t\t\t\t\t\t<div class=\"elementor-widget-wrap\">\n\t\t\t\t\t\t<div class=\"elementor-element elementor-element-03c9438 elementor-invisible elementor-widget elementor-widget-text-editor\" data-id=\"03c9438\" data-element_type=\"widget\" data-settings=\"{&quot;_animation&quot;:&quot;fadeInRight&quot;}\" data-widget_type=\"text-editor.default\">\n\t\t\t\t<div class=\"elementor-widget-container\">\n\t\t\t\t\t\t\t\t<div class=\"elementor-text-editor elementor-clearfix\">\n\t\t\t\t<ul><li>Predictive maintenance<\/li><li>Risk situation identification,<\/li><li>Image analysis (character recognition, scene recognition),<\/li><li>Demand forecasting (time forecast and location of demand),<\/li><li>The development of predictive models\u00a0\u00a0<\/li><\/ul>\t\t\t\t\t<\/div>\n\t\t\t\t\t\t<\/div>\n\t\t\t\t<\/div>\n\t\t\t\t\t\t<\/div>\n\t\t\t\t\t<\/div>\n\t\t<\/div>\n\t\t\t\t\t\t\t\t<\/div>\n\t\t\t\t\t<\/div>\n\t\t<\/section>\n\t\t\t\t<section class=\"elementor-section elementor-top-section elementor-element elementor-element-df0a14a elementor-section-boxed elementor-section-height-default elementor-section-height-default\" data-id=\"df0a14a\" data-element_type=\"section\" data-settings=\"{&quot;background_background&quot;:&quot;classic&quot;}\">\n\t\t\t\t\t\t<div class=\"elementor-container elementor-column-gap-default\">\n\t\t\t\t\t\t\t<div class=\"elementor-row\">\n\t\t\t\t\t<div class=\"elementor-column elementor-col-50 elementor-top-column elementor-element elementor-element-26401d6 elementor-invisible\" data-id=\"26401d6\" data-element_type=\"column\" data-settings=\"{&quot;animation&quot;:&quot;fadeInLeft&quot;}\">\n\t\t\t<div class=\"elementor-column-wrap elementor-element-populated\">\n\t\t\t\t\t\t\t<div class=\"elementor-widget-wrap\">\n\t\t\t\t\t\t<div class=\"elementor-element elementor-element-6bf0717 elementor-widget elementor-widget-text-editor\" data-id=\"6bf0717\" data-element_type=\"widget\" data-widget_type=\"text-editor.default\">\n\t\t\t\t<div class=\"elementor-widget-container\">\n\t\t\t\t\t\t\t\t<div class=\"elementor-text-editor elementor-clearfix\">\n\t\t\t\t<ul><li><span style=\"color: #ffffff;\">Maintenance and system administration,<\/span><\/li><li><span style=\"color: #ffffff;\">Cloud dimensionning &amp; provisioning,<\/span><\/li><li><span style=\"color: #ffffff;\">Optimization of computation time,<\/span><\/li><li><span style=\"color: #ffffff;\">The design of  SaaS simulation systems,<\/span><\/li><li><span style=\"color: #ffffff;\">The implementation of smart city infrastructure,<\/span><\/li><li><span style=\"color: #ffffff;\">Parallelization of simulation tools<\/span><\/li><\/ul>\t\t\t\t\t<\/div>\n\t\t\t\t\t\t<\/div>\n\t\t\t\t<\/div>\n\t\t\t\t\t\t<\/div>\n\t\t\t\t\t<\/div>\n\t\t<\/div>\n\t\t\t\t<div class=\"elementor-column elementor-col-50 elementor-top-column elementor-element elementor-element-94d1973\" data-id=\"94d1973\" data-element_type=\"column\">\n\t\t\t<div class=\"elementor-column-wrap elementor-element-populated\">\n\t\t\t\t\t\t\t<div class=\"elementor-widget-wrap\">\n\t\t\t\t\t\t<div class=\"elementor-element elementor-element-8ac7d51 elementor-widget elementor-widget-text-editor\" data-id=\"8ac7d51\" data-element_type=\"widget\" data-widget_type=\"text-editor.default\">\n\t\t\t\t<div class=\"elementor-widget-container\">\n\t\t\t\t\t\t\t\t<div class=\"elementor-text-editor elementor-clearfix\">\n\t\t\t\t<h2><span style=\"color: #d12e20;\"><strong>SaaS SYSTEM DESIGN<\/strong><\/span><\/h2>\t\t\t\t\t<\/div>\n\t\t\t\t\t\t<\/div>\n\t\t\t\t<\/div>\n\t\t\t\t<div class=\"elementor-element elementor-element-aa4e72a elementor-widget elementor-widget-themo-button\" data-id=\"aa4e72a\" data-element_type=\"widget\" data-widget_type=\"themo-button.default\">\n\t\t\t\t<div class=\"elementor-widget-container\">\n\t\t\t\n                \t\t\t<a class=\"btn-1 btn th-btn btn-ghost-primary\" href=\"https:\/\/www.orisun-iot.com\/en\/services\/#form\">\n\t\t\t\t\t\t\t\t\tLEARN MORE\t\t\t\t\t\t\t<\/a>\n\t\t\n        \n\t\t\t\t<\/div>\n\t\t\t\t<\/div>\n\t\t\t\t\t\t<\/div>\n\t\t\t\t\t<\/div>\n\t\t<\/div>\n\t\t\t\t\t\t\t\t<\/div>\n\t\t\t\t\t<\/div>\n\t\t<\/section>\n\t\t\t\t<section class=\"elementor-section elementor-top-section elementor-element elementor-element-f1c00d1 elementor-section-boxed elementor-section-height-default elementor-section-height-default\" data-id=\"f1c00d1\" data-element_type=\"section\" data-settings=\"{&quot;background_background&quot;:&quot;classic&quot;}\">\n\t\t\t\t\t\t\t<div class=\"elementor-background-overlay\"><\/div>\n\t\t\t\t\t\t\t<div class=\"elementor-container elementor-column-gap-default\">\n\t\t\t\t\t\t\t<div class=\"elementor-row\">\n\t\t\t\t\t<div class=\"elementor-column elementor-col-50 elementor-top-column elementor-element elementor-element-7214e70\" data-id=\"7214e70\" data-element_type=\"column\">\n\t\t\t<div class=\"elementor-column-wrap elementor-element-populated\">\n\t\t\t\t\t\t\t<div class=\"elementor-widget-wrap\">\n\t\t\t\t\t\t<div class=\"elementor-element elementor-element-c4a80b7 elementor-widget elementor-widget-text-editor\" data-id=\"c4a80b7\" data-element_type=\"widget\" data-widget_type=\"text-editor.default\">\n\t\t\t\t<div class=\"elementor-widget-container\">\n\t\t\t\t\t\t\t\t<div class=\"elementor-text-editor elementor-clearfix\">\n\t\t\t\t<h2><span style=\"color: #ef7b18;\"><strong><span style=\"color: #d12e20;\">RECHERCHE<\/span><br \/><span style=\"color: #d12e20;\">OP\u00c9RATIONNELLE<\/span><br \/><\/strong><\/span><\/h2>\t\t\t\t\t<\/div>\n\t\t\t\t\t\t<\/div>\n\t\t\t\t<\/div>\n\t\t\t\t<div class=\"elementor-element elementor-element-709eb2c elementor-widget elementor-widget-themo-button\" data-id=\"709eb2c\" data-element_type=\"widget\" data-widget_type=\"themo-button.default\">\n\t\t\t\t<div class=\"elementor-widget-container\">\n\t\t\t\n                \t\t\t<a class=\"btn-1 btn th-btn btn-ghost-primary\" href=\"https:\/\/www.orisun-iot.com\/en\/services\/#form\">\n\t\t\t\t\t\t\t\t\tLEARN MORE\t\t\t\t\t\t\t<\/a>\n\t\t\n        \n\t\t\t\t<\/div>\n\t\t\t\t<\/div>\n\t\t\t\t\t\t<\/div>\n\t\t\t\t\t<\/div>\n\t\t<\/div>\n\t\t\t\t<div class=\"elementor-column elementor-col-50 elementor-top-column elementor-element elementor-element-d237401 elementor-invisible\" data-id=\"d237401\" data-element_type=\"column\" data-settings=\"{&quot;animation&quot;:&quot;fadeInRight&quot;}\">\n\t\t\t<div class=\"elementor-column-wrap elementor-element-populated\">\n\t\t\t\t\t\t\t<div class=\"elementor-widget-wrap\">\n\t\t\t\t\t\t<div class=\"elementor-element elementor-element-5473da8 elementor-widget elementor-widget-text-editor\" data-id=\"5473da8\" data-element_type=\"widget\" data-widget_type=\"text-editor.default\">\n\t\t\t\t<div class=\"elementor-widget-container\">\n\t\t\t\t\t\t\t\t<div class=\"elementor-text-editor elementor-clearfix\">\n\t\t\t\t<p><span style=\"color: #ffffff;\"><strong>DISCRETE OPTIMIZATION UNDER CONSTRAINTS COVERING :<\/strong><br \/><\/span><\/p><ul><li>Optimization of staff schedules,<\/li><li>Optimization of the resource occupancy rate,<\/li><li>Load balancing (network balancing\/sizing, vehicle fleet balancing)<\/li><li>Transportation optimization (reduction of mileage, reduction of fuel consumption and greenhouse gas emissions, optimization of vehicle use<\/li><li>Process optimization and decision support at the strategic, tactical and operational levels.<span style=\"color: #ffffff;\"><br \/><\/span><\/li><\/ul>\t\t\t\t\t<\/div>\n\t\t\t\t\t\t<\/div>\n\t\t\t\t<\/div>\n\t\t\t\t\t\t<\/div>\n\t\t\t\t\t<\/div>\n\t\t<\/div>\n\t\t\t\t\t\t\t\t<\/div>\n\t\t\t\t\t<\/div>\n\t\t<\/section>\n\t\t\t\t<section class=\"elementor-section elementor-top-section elementor-element elementor-element-dc4b3cb elementor-section-boxed elementor-section-height-default elementor-section-height-default\" data-id=\"dc4b3cb\" data-element_type=\"section\" data-settings=\"{&quot;background_background&quot;:&quot;classic&quot;}\">\n\t\t\t\t\t\t<div class=\"elementor-container elementor-column-gap-default\">\n\t\t\t\t\t\t\t<div class=\"elementor-row\">\n\t\t\t\t\t<div class=\"elementor-column elementor-col-50 elementor-top-column elementor-element elementor-element-718f589 elementor-invisible\" data-id=\"718f589\" data-element_type=\"column\" data-settings=\"{&quot;animation&quot;:&quot;fadeInLeft&quot;}\">\n\t\t\t<div class=\"elementor-column-wrap elementor-element-populated\">\n\t\t\t\t\t\t\t<div class=\"elementor-widget-wrap\">\n\t\t\t\t\t\t<div class=\"elementor-element elementor-element-3647830 elementor-widget elementor-widget-text-editor\" data-id=\"3647830\" data-element_type=\"widget\" data-widget_type=\"text-editor.default\">\n\t\t\t\t<div class=\"elementor-widget-container\">\n\t\t\t\t\t\t\t\t<div class=\"elementor-text-editor elementor-clearfix\">\n\t\t\t\t<p style=\"text-align: left;\"><strong>       ELECTRONICS PROTOTYPING<\/strong><\/p>\n<p style=\"text-align: left;\"><strong>       c<\/strong><strong>omprenant <\/strong><strong>notamment:<\/strong><\/p>\n\n<ul>\n \t<li>Conception de capteur innovant<\/li>\n \t<li>IoT hardware benchmarking study<\/li>\n \t<li>Firmware development<\/li>\n \t<li>Device specification and design<\/li>\n<\/ul>\t\t\t\t\t<\/div>\n\t\t\t\t\t\t<\/div>\n\t\t\t\t<\/div>\n\t\t\t\t\t\t<\/div>\n\t\t\t\t\t<\/div>\n\t\t<\/div>\n\t\t\t\t<div class=\"elementor-column elementor-col-50 elementor-top-column elementor-element elementor-element-d1d2f9f\" data-id=\"d1d2f9f\" data-element_type=\"column\">\n\t\t\t<div class=\"elementor-column-wrap elementor-element-populated\">\n\t\t\t\t\t\t\t<div class=\"elementor-widget-wrap\">\n\t\t\t\t\t\t<div class=\"elementor-element elementor-element-1bdca63 elementor-widget elementor-widget-text-editor\" data-id=\"1bdca63\" data-element_type=\"widget\" data-widget_type=\"text-editor.default\">\n\t\t\t\t<div class=\"elementor-widget-container\">\n\t\t\t\t\t\t\t\t<div class=\"elementor-text-editor elementor-clearfix\">\n\t\t\t\t<h2><span style=\"color: #ef7b18;\"><strong><span style=\"color: #d12e20;\">HARDWARE &amp; ELECTRONICS<\/span> <br \/><\/strong><\/span><\/h2>\t\t\t\t\t<\/div>\n\t\t\t\t\t\t<\/div>\n\t\t\t\t<\/div>\n\t\t\t\t<div class=\"elementor-element elementor-element-6cdbbb6 elementor-widget elementor-widget-themo-button\" data-id=\"6cdbbb6\" data-element_type=\"widget\" data-widget_type=\"themo-button.default\">\n\t\t\t\t<div class=\"elementor-widget-container\">\n\t\t\t\n                \t\t\t<a class=\"btn-1 btn th-btn btn-ghost-primary\" href=\"https:\/\/www.orisun-iot.com\/en\/services\/#form\">\n\t\t\t\t\t\t\t\t\tLEARN MORE\t\t\t\t\t\t\t<\/a>\n\t\t\n        \n\t\t\t\t<\/div>\n\t\t\t\t<\/div>\n\t\t\t\t\t\t<\/div>\n\t\t\t\t\t<\/div>\n\t\t<\/div>\n\t\t\t\t\t\t\t\t<\/div>\n\t\t\t\t\t<\/div>\n\t\t<\/section>\n\t\t\t\t\t\t\t\t\t<\/div>\n\t\t\t<\/div>\n\t\t\t\t\t<\/div>","protected":false},"excerpt":{"rendered":"<p>EXPERTISE L\u2019offre Orisun-Expertise regroupe nos prestations sur mesure dans les domaines du Machine learning, de la Conception de syst\u00e8me SaaS, de la recherche op\u00e9rationnelle &amp; bien sur de l&rsquo;\u00e9lectronique, du hardware. MACHINE LEARNING L&rsquo;apprentissage automatique ( supervis\u00e9 et non supervis\u00e9 &hellip; <a href=\"https:\/\/www.orisun-iot.com\/en\/expertise\/\">Read More<\/a><\/p>","protected":false},"author":1,"featured_media":0,"parent":0,"menu_order":0,"comment_status":"closed","ping_status":"closed","template":"","meta":{"footnotes":""},"_links":{"self":[{"href":"https:\/\/www.orisun-iot.com\/en\/wp-json\/wp\/v2\/pages\/1795"}],"collection":[{"href":"https:\/\/www.orisun-iot.com\/en\/wp-json\/wp\/v2\/pages"}],"about":[{"href":"https:\/\/www.orisun-iot.com\/en\/wp-json\/wp\/v2\/types\/page"}],"author":[{"embeddable":true,"href":"https:\/\/www.orisun-iot.com\/en\/wp-json\/wp\/v2\/users\/1"}],"replies":[{"embeddable":true,"href":"https:\/\/www.orisun-iot.com\/en\/wp-json\/wp\/v2\/comments?post=1795"}],"version-history":[{"count":40,"href":"https:\/\/www.orisun-iot.com\/en\/wp-json\/wp\/v2\/pages\/1795\/revisions"}],"predecessor-version":[{"id":4028,"href":"https:\/\/www.orisun-iot.com\/en\/wp-json\/wp\/v2\/pages\/1795\/revisions\/4028"}],"wp:attachment":[{"href":"https:\/\/www.orisun-iot.com\/en\/wp-json\/wp\/v2\/media?parent=1795"}],"curies":[{"name":"wp","href":"https:\/\/api.w.org\/{rel}","templated":true}]}}